{"id":897,"date":"2015-12-16T20:50:15","date_gmt":"2015-12-16T18:50:15","guid":{"rendered":"http:\/\/wemakegraphic.ch\/demo\/?page_id=897"},"modified":"2024-11-07T10:20:10","modified_gmt":"2024-11-07T08:20:10","slug":"exklusiv","status":"publish","type":"page","link":"https:\/\/cateringsurprise.ch\/catering\/exklusiv\/","title":{"rendered":"Exklusiv"},"content":{"rendered":"<div class=\"wpb-content-wrapper\"><p>[vc_row css=&#8220;.vc_custom_1729245205692{padding-bottom: 2em !important;}&#8220;][vc_column][vc_column_text css=&#8220;&#8220;]<\/p>\n<h2 style=\"text-align: center;\">SPEZIELL F\u00dcR GROSSE PRIVATE ANL\u00c4SSE<\/h2>\n<p style=\"text-align: center;\">STATT BUFFET BEDIENEN WIR IM STREET FOOD STYLE<br \/>\nEIGNET SICH F\u00dcR GARTENPARTYS-STEHLUNCH-FIRMENANLASS-HOCHZEIT-GEBURTSTAGE-AUSGEFALLENE EVENTS<\/p>\n<p>[\/vc_column_text][\/vc_column][\/vc_row][vc_row][vc_column][vc_column_text css=&#8220;&#8220;]<\/p>\n<p style=\"text-align: center;\"><img loading=\"lazy\" decoding=\"async\" class=\"alignnone wp-image-1491\" src=\"https:\/\/cateringsurprise.ch\/catering\/wp-content\/uploads\/catering-surprise-pita-nomad.jpg\" alt=\"\" width=\"500\" height=\"362\" srcset=\"https:\/\/cateringsurprise.ch\/catering\/wp-content\/uploads\/catering-surprise-pita-nomad.jpg 1000w, https:\/\/cateringsurprise.ch\/catering\/wp-content\/uploads\/catering-surprise-pita-nomad-300x217.jpg 300w, https:\/\/cateringsurprise.ch\/catering\/wp-content\/uploads\/catering-surprise-pita-nomad-768x556.jpg 768w\" sizes=\"auto, (max-width: 500px) 100vw, 500px\" \/><\/p>\n<h2 style=\"text-align: center;\">PITA NOMAD<\/h2>\n<p style=\"text-align: center;\">ORIENTALISCHE KREATION GEF\u00dcLLTE PITA MIT FEINSTEN MAURISCHEN ZUTATEN, AUCH VEGETARISCH<\/p>\n<p style=\"text-align: center;\">* * * * * * * * * * * *<\/p>\n<p>[\/vc_column_text][vc_column_text css=&#8220;&#8220;]<\/p>\n<p style=\"text-align: center;\"><img loading=\"lazy\" decoding=\"async\" class=\"alignnone wp-image-1532\" src=\"https:\/\/cateringsurprise.ch\/catering\/wp-content\/uploads\/Paella_aktuell-e1729248262737.jpg\" alt=\"\" width=\"500\" height=\"375\" srcset=\"https:\/\/cateringsurprise.ch\/catering\/wp-content\/uploads\/Paella_aktuell-e1729248262737.jpg 1024w, https:\/\/cateringsurprise.ch\/catering\/wp-content\/uploads\/Paella_aktuell-e1729248262737-300x225.jpg 300w, https:\/\/cateringsurprise.ch\/catering\/wp-content\/uploads\/Paella_aktuell-e1729248262737-768x576.jpg 768w\" sizes=\"auto, (max-width: 500px) 100vw, 500px\" \/><\/p>\n<h2 style=\"text-align: center;\">PAELLA<\/h2>\n<p style=\"text-align: center;\">AB 10 PERSONEN K\u00d6NNEN WIR F\u00dcR SIE AUCH EINE FEINE PAELLA KREIEREN<\/p>\n<p style=\"text-align: center;\">* * * * * * * * * * * *<\/p>\n<p style=\"text-align: center;\"><img loading=\"lazy\" decoding=\"async\" class=\"alignnone size-full wp-image-838\" src=\"http:\/\/cateringsurprise.ch\/catering\/wp-content\/uploads\/angebot9.jpg\" alt=\"angebot9\" width=\"500\" height=\"300\" srcset=\"https:\/\/cateringsurprise.ch\/catering\/wp-content\/uploads\/angebot9.jpg 500w, https:\/\/cateringsurprise.ch\/catering\/wp-content\/uploads\/angebot9-300x180.jpg 300w\" sizes=\"auto, (max-width: 500px) 100vw, 500px\" \/><\/p>\n<h2 style=\"text-align: center;\">PULLED PORK &amp; PULLED BEEF BURGER<\/h2>\n<p style=\"text-align: center;\">DER BURGER ALS KULINARISCHE NEUENTDECKUNG<br \/>\nPULLED PORK &amp; PULLED BEEF BURGER<\/p>\n<p style=\"text-align: center;\">MIT REGIONALEN PRODUKTEN UND SELBSTGEMACHTEN BRIOCHE BURGER<\/p>\n<p style=\"text-align: center;\">* * * * * * * * * * * *<\/p>\n<p style=\"text-align: center;\"><img loading=\"lazy\" decoding=\"async\" class=\"alignnone size-full wp-image-837 aligncenter\" src=\"http:\/\/cateringsurprise.ch\/catering\/wp-content\/uploads\/angebot6.jpg\" alt=\"angebot6\" width=\"500\" height=\"300\" srcset=\"https:\/\/cateringsurprise.ch\/catering\/wp-content\/uploads\/angebot6.jpg 500w, https:\/\/cateringsurprise.ch\/catering\/wp-content\/uploads\/angebot6-300x180.jpg 300w\" sizes=\"auto, (max-width: 500px) 100vw, 500px\" \/><\/p>\n<h2 style=\"text-align: center;\">FAJITAS<\/h2>\n<p style=\"text-align: center;\">AUTHENTISCH ZUBEREITET AUS\u00a0 FRISCHEN PRODUKTEN<br \/>\n\u00c0 LA MINUTE WERDEN DIE FAJITAS<br \/>\nMIT HAUSGEMACHTER GUACAMOLE &amp; SALSA GEROLLT<\/p>\n<p style=\"text-align: center;\">* * * * * * * * * * * *<\/p>\n<p style=\"text-align: center;\"><img loading=\"lazy\" decoding=\"async\" class=\"alignnone size-full wp-image-1062\" src=\"http:\/\/cateringsurprise.ch\/catering\/wp-content\/uploads\/DSC_0183_web.jpg\" alt=\"DSC_0183_web\" width=\"500\" height=\"369\" srcset=\"https:\/\/cateringsurprise.ch\/catering\/wp-content\/uploads\/DSC_0183_web.jpg 500w, https:\/\/cateringsurprise.ch\/catering\/wp-content\/uploads\/DSC_0183_web-300x221.jpg 300w\" sizes=\"auto, (max-width: 500px) 100vw, 500px\" \/><\/p>\n<h2 style=\"text-align: center;\">BURGER SURPRISE<\/h2>\n<p style=\"text-align: center;\">EIN KULINARISCHES FLAMMENSPIEL<\/p>\n<p style=\"text-align: center;\">EIN LUFTIGER MAISBUNS WIRD GEF\u00dcLLT<br \/>\nMIT EINEM FLAMBIERTEN RINDERHUFT STEAK ODER FILET<br \/>\nKNACKSALAT AN HAUSGEMACHTEM KR\u00c4UTERHONIGDRESSING<br \/>\nMANGOSALSA &amp; AVOCADO<\/p>\n<p>[\/vc_column_text][\/vc_column][\/vc_row]<\/p>\n<\/div>","protected":false},"excerpt":{"rendered":"<p>[vc_row css=&#8220;.vc_custom_1729245205692{padding-bottom: 2em !important;}&#8220;][vc_column][vc_column_text css=&#8220;&#8220;] SPEZIELL F\u00dcR GROSSE PRIVATE ANL\u00c4SSE STATT BUFFET BEDIENEN WIR IM STREET FOOD STYLE EIGNET SICH F\u00dcR GARTENPARTYS-STEHLUNCH-FIRMENANLASS-HOCHZEIT-GEBURTSTAGE-AUSGEFALLENE EVENTS [\/vc_column_text][\/vc_column][\/vc_row][vc_row][vc_column][vc_column_text css=&#8220;&#8220;] PITA NOMAD ORIENTALISCHE KREATION GEF\u00dcLLTE PITA MIT FEINSTEN MAURISCHEN ZUTATEN, AUCH VEGETARISCH * * * * * * * * * * * * [\/vc_column_text][vc_column_text css=&#8220;&#8220;] PAELLA AB 10 PERSONEN &#8230; <a title=\"Exklusiv\" class=\"read-more\" href=\"https:\/\/cateringsurprise.ch\/catering\/exklusiv\/\" aria-label=\"Mehr Informationen \u00fcber Exklusiv\">Weiterlesen &#8230;<\/a><\/p>\n","protected":false},"author":1,"featured_media":0,"parent":0,"menu_order":5,"comment_status":"closed","ping_status":"closed","template":"","meta":{"footnotes":""},"class_list":["post-897","page","type-page","status-publish"],"yoast_head":"<!-- This site is optimized with the Yoast SEO plugin v27.5 - https:\/\/yoast.com\/product\/yoast-seo-wordpress\/ -->\n<title>Exklusiv - Catering Surprise<\/title>\n<meta name=\"robots\" content=\"index, follow, max-snippet:-1, max-image-preview:large, max-video-preview:-1\" \/>\n<link rel=\"canonical\" href=\"https:\/\/cateringsurprise.ch\/catering\/exklusiv\/\" \/>\n<meta property=\"og:locale\" content=\"de_DE\" \/>\n<meta property=\"og:type\" content=\"article\" \/>\n<meta property=\"og:title\" content=\"Exklusiv - Catering Surprise\" \/>\n<meta property=\"og:description\" content=\"[vc_row css=&#8220;.vc_custom_1729245205692{padding-bottom: 2em !important;}&#8220;][vc_column][vc_column_text css=&#8220;&#8220;] SPEZIELL F\u00dcR GROSSE PRIVATE ANL\u00c4SSE STATT BUFFET BEDIENEN WIR IM STREET FOOD STYLE EIGNET SICH F\u00dcR GARTENPARTYS-STEHLUNCH-FIRMENANLASS-HOCHZEIT-GEBURTSTAGE-AUSGEFALLENE EVENTS [\/vc_column_text][\/vc_column][\/vc_row][vc_row][vc_column][vc_column_text css=&#8220;&#8220;] PITA NOMAD ORIENTALISCHE KREATION GEF\u00dcLLTE PITA MIT FEINSTEN MAURISCHEN ZUTATEN, AUCH VEGETARISCH * * * * * * * * * * * * [\/vc_column_text][vc_column_text css=&#8220;&#8220;] PAELLA AB 10 PERSONEN ... Weiterlesen ...\" \/>\n<meta property=\"og:url\" content=\"https:\/\/cateringsurprise.ch\/catering\/exklusiv\/\" \/>\n<meta property=\"og:site_name\" content=\"Catering Surprise\" \/>\n<meta property=\"article:publisher\" content=\"https:\/\/www.facebook.com\/Catering-Surprise-Basel-Umgebung-1770176976548250\/\" \/>\n<meta property=\"article:modified_time\" content=\"2024-11-07T08:20:10+00:00\" \/>\n<meta property=\"og:image\" content=\"https:\/\/cateringsurprise.ch\/catering\/wp-content\/uploads\/catering-surprise-pita-nomad.jpg\" \/>\n\t<meta property=\"og:image:width\" content=\"1000\" \/>\n\t<meta property=\"og:image:height\" content=\"724\" \/>\n\t<meta property=\"og:image:type\" content=\"image\/jpeg\" \/>\n<meta name=\"twitter:card\" content=\"summary_large_image\" \/>\n<meta name=\"twitter:label1\" content=\"Gesch\u00e4tzte Lesezeit\" \/>\n\t<meta name=\"twitter:data1\" content=\"2\u00a0Minuten\" \/>\n<script type=\"application\/ld+json\" class=\"yoast-schema-graph\">{\"@context\":\"https:\\\/\\\/schema.org\",\"@graph\":[{\"@type\":\"WebPage\",\"@id\":\"https:\\\/\\\/cateringsurprise.ch\\\/catering\\\/exklusiv\\\/\",\"url\":\"https:\\\/\\\/cateringsurprise.ch\\\/catering\\\/exklusiv\\\/\",\"name\":\"Exklusiv - Catering Surprise\",\"isPartOf\":{\"@id\":\"https:\\\/\\\/cateringsurprise.ch\\\/catering\\\/#website\"},\"primaryImageOfPage\":{\"@id\":\"https:\\\/\\\/cateringsurprise.ch\\\/catering\\\/exklusiv\\\/#primaryimage\"},\"image\":{\"@id\":\"https:\\\/\\\/cateringsurprise.ch\\\/catering\\\/exklusiv\\\/#primaryimage\"},\"thumbnailUrl\":\"https:\\\/\\\/cateringsurprise.ch\\\/catering\\\/wp-content\\\/uploads\\\/catering-surprise-pita-nomad.jpg\",\"datePublished\":\"2015-12-16T18:50:15+00:00\",\"dateModified\":\"2024-11-07T08:20:10+00:00\",\"breadcrumb\":{\"@id\":\"https:\\\/\\\/cateringsurprise.ch\\\/catering\\\/exklusiv\\\/#breadcrumb\"},\"inLanguage\":\"de\",\"potentialAction\":[{\"@type\":\"ReadAction\",\"target\":[\"https:\\\/\\\/cateringsurprise.ch\\\/catering\\\/exklusiv\\\/\"]}]},{\"@type\":\"ImageObject\",\"inLanguage\":\"de\",\"@id\":\"https:\\\/\\\/cateringsurprise.ch\\\/catering\\\/exklusiv\\\/#primaryimage\",\"url\":\"https:\\\/\\\/cateringsurprise.ch\\\/catering\\\/wp-content\\\/uploads\\\/catering-surprise-pita-nomad.jpg\",\"contentUrl\":\"https:\\\/\\\/cateringsurprise.ch\\\/catering\\\/wp-content\\\/uploads\\\/catering-surprise-pita-nomad.jpg\",\"width\":1000,\"height\":724},{\"@type\":\"BreadcrumbList\",\"@id\":\"https:\\\/\\\/cateringsurprise.ch\\\/catering\\\/exklusiv\\\/#breadcrumb\",\"itemListElement\":[{\"@type\":\"ListItem\",\"position\":1,\"name\":\"Startseite\",\"item\":\"https:\\\/\\\/cateringsurprise.ch\\\/catering\\\/\"},{\"@type\":\"ListItem\",\"position\":2,\"name\":\"Exklusiv\"}]},{\"@type\":\"WebSite\",\"@id\":\"https:\\\/\\\/cateringsurprise.ch\\\/catering\\\/#website\",\"url\":\"https:\\\/\\\/cateringsurprise.ch\\\/catering\\\/\",\"name\":\"Catering Basel - Catering Surprise\",\"description\":\"Ihr Catering Partner in Basel und Umgebung\",\"publisher\":{\"@id\":\"https:\\\/\\\/cateringsurprise.ch\\\/catering\\\/#organization\"},\"alternateName\":\"Catering Surprise\",\"potentialAction\":[{\"@type\":\"SearchAction\",\"target\":{\"@type\":\"EntryPoint\",\"urlTemplate\":\"https:\\\/\\\/cateringsurprise.ch\\\/catering\\\/?s={search_term_string}\"},\"query-input\":{\"@type\":\"PropertyValueSpecification\",\"valueRequired\":true,\"valueName\":\"search_term_string\"}}],\"inLanguage\":\"de\"},{\"@type\":\"Organization\",\"@id\":\"https:\\\/\\\/cateringsurprise.ch\\\/catering\\\/#organization\",\"name\":\"Catering Surprise\",\"alternateName\":\"Catering Basel\",\"url\":\"https:\\\/\\\/cateringsurprise.ch\\\/catering\\\/\",\"logo\":{\"@type\":\"ImageObject\",\"inLanguage\":\"de\",\"@id\":\"https:\\\/\\\/cateringsurprise.ch\\\/catering\\\/#\\\/schema\\\/logo\\\/image\\\/\",\"url\":\"https:\\\/\\\/cateringsurprise.ch\\\/catering\\\/wp-content\\\/uploads\\\/catering_surprise_logo.png\",\"contentUrl\":\"https:\\\/\\\/cateringsurprise.ch\\\/catering\\\/wp-content\\\/uploads\\\/catering_surprise_logo.png\",\"width\":400,\"height\":69,\"caption\":\"Catering Surprise\"},\"image\":{\"@id\":\"https:\\\/\\\/cateringsurprise.ch\\\/catering\\\/#\\\/schema\\\/logo\\\/image\\\/\"},\"sameAs\":[\"https:\\\/\\\/www.facebook.com\\\/Catering-Surprise-Basel-Umgebung-1770176976548250\\\/\"]}]}<\/script>\n<!-- \/ Yoast SEO plugin. -->","yoast_head_json":{"title":"Exklusiv - Catering Surprise","robots":{"index":"index","follow":"follow","max-snippet":"max-snippet:-1","max-image-preview":"max-image-preview:large","max-video-preview":"max-video-preview:-1"},"canonical":"https:\/\/cateringsurprise.ch\/catering\/exklusiv\/","og_locale":"de_DE","og_type":"article","og_title":"Exklusiv - Catering Surprise","og_description":"[vc_row css=&#8220;.vc_custom_1729245205692{padding-bottom: 2em !important;}&#8220;][vc_column][vc_column_text css=&#8220;&#8220;] SPEZIELL F\u00dcR GROSSE PRIVATE ANL\u00c4SSE STATT BUFFET BEDIENEN WIR IM STREET FOOD STYLE EIGNET SICH F\u00dcR GARTENPARTYS-STEHLUNCH-FIRMENANLASS-HOCHZEIT-GEBURTSTAGE-AUSGEFALLENE EVENTS [\/vc_column_text][\/vc_column][\/vc_row][vc_row][vc_column][vc_column_text css=&#8220;&#8220;] PITA NOMAD ORIENTALISCHE KREATION GEF\u00dcLLTE PITA MIT FEINSTEN MAURISCHEN ZUTATEN, AUCH VEGETARISCH * * * * * * * * * * * * [\/vc_column_text][vc_column_text css=&#8220;&#8220;] PAELLA AB 10 PERSONEN ... Weiterlesen ...","og_url":"https:\/\/cateringsurprise.ch\/catering\/exklusiv\/","og_site_name":"Catering Surprise","article_publisher":"https:\/\/www.facebook.com\/Catering-Surprise-Basel-Umgebung-1770176976548250\/","article_modified_time":"2024-11-07T08:20:10+00:00","og_image":[{"width":1000,"height":724,"url":"https:\/\/cateringsurprise.ch\/catering\/wp-content\/uploads\/catering-surprise-pita-nomad.jpg","type":"image\/jpeg"}],"twitter_card":"summary_large_image","twitter_misc":{"Gesch\u00e4tzte Lesezeit":"2\u00a0Minuten"},"schema":{"@context":"https:\/\/schema.org","@graph":[{"@type":"WebPage","@id":"https:\/\/cateringsurprise.ch\/catering\/exklusiv\/","url":"https:\/\/cateringsurprise.ch\/catering\/exklusiv\/","name":"Exklusiv - Catering Surprise","isPartOf":{"@id":"https:\/\/cateringsurprise.ch\/catering\/#website"},"primaryImageOfPage":{"@id":"https:\/\/cateringsurprise.ch\/catering\/exklusiv\/#primaryimage"},"image":{"@id":"https:\/\/cateringsurprise.ch\/catering\/exklusiv\/#primaryimage"},"thumbnailUrl":"https:\/\/cateringsurprise.ch\/catering\/wp-content\/uploads\/catering-surprise-pita-nomad.jpg","datePublished":"2015-12-16T18:50:15+00:00","dateModified":"2024-11-07T08:20:10+00:00","breadcrumb":{"@id":"https:\/\/cateringsurprise.ch\/catering\/exklusiv\/#breadcrumb"},"inLanguage":"de","potentialAction":[{"@type":"ReadAction","target":["https:\/\/cateringsurprise.ch\/catering\/exklusiv\/"]}]},{"@type":"ImageObject","inLanguage":"de","@id":"https:\/\/cateringsurprise.ch\/catering\/exklusiv\/#primaryimage","url":"https:\/\/cateringsurprise.ch\/catering\/wp-content\/uploads\/catering-surprise-pita-nomad.jpg","contentUrl":"https:\/\/cateringsurprise.ch\/catering\/wp-content\/uploads\/catering-surprise-pita-nomad.jpg","width":1000,"height":724},{"@type":"BreadcrumbList","@id":"https:\/\/cateringsurprise.ch\/catering\/exklusiv\/#breadcrumb","itemListElement":[{"@type":"ListItem","position":1,"name":"Startseite","item":"https:\/\/cateringsurprise.ch\/catering\/"},{"@type":"ListItem","position":2,"name":"Exklusiv"}]},{"@type":"WebSite","@id":"https:\/\/cateringsurprise.ch\/catering\/#website","url":"https:\/\/cateringsurprise.ch\/catering\/","name":"Catering Basel - Catering Surprise","description":"Ihr Catering Partner in Basel und Umgebung","publisher":{"@id":"https:\/\/cateringsurprise.ch\/catering\/#organization"},"alternateName":"Catering Surprise","potentialAction":[{"@type":"SearchAction","target":{"@type":"EntryPoint","urlTemplate":"https:\/\/cateringsurprise.ch\/catering\/?s={search_term_string}"},"query-input":{"@type":"PropertyValueSpecification","valueRequired":true,"valueName":"search_term_string"}}],"inLanguage":"de"},{"@type":"Organization","@id":"https:\/\/cateringsurprise.ch\/catering\/#organization","name":"Catering Surprise","alternateName":"Catering Basel","url":"https:\/\/cateringsurprise.ch\/catering\/","logo":{"@type":"ImageObject","inLanguage":"de","@id":"https:\/\/cateringsurprise.ch\/catering\/#\/schema\/logo\/image\/","url":"https:\/\/cateringsurprise.ch\/catering\/wp-content\/uploads\/catering_surprise_logo.png","contentUrl":"https:\/\/cateringsurprise.ch\/catering\/wp-content\/uploads\/catering_surprise_logo.png","width":400,"height":69,"caption":"Catering Surprise"},"image":{"@id":"https:\/\/cateringsurprise.ch\/catering\/#\/schema\/logo\/image\/"},"sameAs":["https:\/\/www.facebook.com\/Catering-Surprise-Basel-Umgebung-1770176976548250\/"]}]}},"_links":{"self":[{"href":"https:\/\/cateringsurprise.ch\/catering\/wp-json\/wp\/v2\/pages\/897","targetHints":{"allow":["GET"]}}],"collection":[{"href":"https:\/\/cateringsurprise.ch\/catering\/wp-json\/wp\/v2\/pages"}],"about":[{"href":"https:\/\/cateringsurprise.ch\/catering\/wp-json\/wp\/v2\/types\/page"}],"author":[{"embeddable":true,"href":"https:\/\/cateringsurprise.ch\/catering\/wp-json\/wp\/v2\/users\/1"}],"replies":[{"embeddable":true,"href":"https:\/\/cateringsurprise.ch\/catering\/wp-json\/wp\/v2\/comments?post=897"}],"version-history":[{"count":0,"href":"https:\/\/cateringsurprise.ch\/catering\/wp-json\/wp\/v2\/pages\/897\/revisions"}],"wp:attachment":[{"href":"https:\/\/cateringsurprise.ch\/catering\/wp-json\/wp\/v2\/media?parent=897"}],"curies":[{"name":"wp","href":"https:\/\/api.w.org\/{rel}","templated":true}]}}